{"id":301,"date":"2024-05-03T09:20:22","date_gmt":"2024-05-03T09:20:22","guid":{"rendered":"https:\/\/yimbyresidences.com\/genova5\/?page_id=301"},"modified":"2024-10-31T20:52:37","modified_gmt":"2024-10-31T20:52:37","slug":"contacto","status":"publish","type":"page","link":"https:\/\/yimbyresidences.com\/genova5\/contacto\/","title":{"rendered":"Contacto"},"content":{"rendered":"\t\t<div data-elementor-type=\"wp-page\" data-elementor-id=\"301\" class=\"elementor elementor-301\" data-elementor-post-type=\"page\">\n\t\t\t\t<div class=\"elementor-element elementor-element-e80cff0 e-flex e-con-boxed e-con e-parent\" data-id=\"e80cff0\" data-element_type=\"container\">\n\t\t\t\t\t<div class=\"e-con-inner\">\n\t\t\t\t<div class=\"elementor-element elementor-element-c6bbdc4 elementor-widget__width-initial elementor-widget elementor-widget-heading\" data-id=\"c6bbdc4\" data-element_type=\"widget\" data-widget_type=\"heading.default\">\n\t\t\t\t<div class=\"elementor-widget-container\">\n\t\t\t<style>\/*! elementor - v3.22.0 - 26-06-2024 *\/\n.elementor-heading-title{padding:0;margin:0;line-height:1}.elementor-widget-heading .elementor-heading-title[class*=elementor-size-]>a{color:inherit;font-size:inherit;line-height:inherit}.elementor-widget-heading .elementor-heading-title.elementor-size-small{font-size:15px}.elementor-widget-heading .elementor-heading-title.elementor-size-medium{font-size:19px}.elementor-widget-heading .elementor-heading-title.elementor-size-large{font-size:29px}.elementor-widget-heading .elementor-heading-title.elementor-size-xl{font-size:39px}.elementor-widget-heading .elementor-heading-title.elementor-size-xxl{font-size:59px}<\/style><h3 class=\"elementor-heading-title elementor-size-default\">CONTACTO<\/h3>\t\t<\/div>\n\t\t\t\t<\/div>\n\t\t\t\t<div class=\"elementor-element elementor-element-68820a9 elementor-widget__width-initial elementor-widget elementor-widget-heading\" data-id=\"68820a9\" data-element_type=\"widget\" data-widget_type=\"heading.default\">\n\t\t\t\t<div class=\"elementor-widget-container\">\n\t\t\t<h1 class=\"elementor-heading-title elementor-size-default\">\u00bfEN QU\u00c9 PODEMOS ATENDERLE?<\/h1>\t\t<\/div>\n\t\t\t\t<\/div>\n\t\t\t\t<div class=\"elementor-element elementor-element-4c9653d elementor-widget__width-initial elementor-widget elementor-widget-heading\" data-id=\"4c9653d\" data-element_type=\"widget\" data-widget_type=\"heading.default\">\n\t\t\t\t<div class=\"elementor-widget-container\">\n\t\t\t<h4 class=\"elementor-heading-title elementor-size-default\">LE ESCUCHAMOS<\/h4>\t\t<\/div>\n\t\t\t\t<\/div>\n\t\t\t\t\t<\/div>\n\t\t\t\t<\/div>\n\t\t<div class=\"elementor-element elementor-element-ce2d416 e-flex e-con-boxed e-con e-parent\" data-id=\"ce2d416\" data-element_type=\"container\">\n\t\t\t\t\t<div class=\"e-con-inner\">\n\t\t<div class=\"elementor-element elementor-element-bad716d e-con-full e-flex e-con e-child\" data-id=\"bad716d\" data-element_type=\"container\" data-settings=\"{&quot;background_background&quot;:&quot;classic&quot;}\">\n\t\t\t\t<div class=\"elementor-element elementor-element-de7050e elementor-button-align-stretch elementor-widget elementor-widget-form\" data-id=\"de7050e\" data-element_type=\"widget\" data-settings=\"{&quot;step_next_label&quot;:&quot;Siguiente&quot;,&quot;step_previous_label&quot;:&quot;Anterior&quot;,&quot;button_width&quot;:&quot;100&quot;,&quot;step_type&quot;:&quot;number_text&quot;,&quot;step_icon_shape&quot;:&quot;circle&quot;}\" data-widget_type=\"form.default\">\n\t\t\t\t<div class=\"elementor-widget-container\">\n\t\t\t<style>\/*! elementor-pro - v3.22.0 - 24-06-2024 *\/\n.elementor-button.elementor-hidden,.elementor-hidden{display:none}.e-form__step{width:100%}.e-form__step:not(.elementor-hidden){display:flex;flex-wrap:wrap}.e-form__buttons{flex-wrap:wrap}.e-form__buttons,.e-form__buttons__wrapper{display:flex}.e-form__indicators{display:flex;justify-content:space-between;align-items:center;flex-wrap:nowrap;font-size:13px;margin-bottom:var(--e-form-steps-indicators-spacing)}.e-form__indicators__indicator{display:flex;flex-direction:column;align-items:center;justify-content:center;flex-basis:0;padding:0 var(--e-form-steps-divider-gap)}.e-form__indicators__indicator__progress{width:100%;position:relative;background-color:var(--e-form-steps-indicator-progress-background-color);border-radius:var(--e-form-steps-indicator-progress-border-radius);overflow:hidden}.e-form__indicators__indicator__progress__meter{width:var(--e-form-steps-indicator-progress-meter-width,0);height:var(--e-form-steps-indicator-progress-height);line-height:var(--e-form-steps-indicator-progress-height);padding-right:15px;border-radius:var(--e-form-steps-indicator-progress-border-radius);background-color:var(--e-form-steps-indicator-progress-color);color:var(--e-form-steps-indicator-progress-meter-color);text-align:right;transition:width .1s linear}.e-form__indicators__indicator:first-child{padding-left:0}.e-form__indicators__indicator:last-child{padding-right:0}.e-form__indicators__indicator--state-inactive{color:var(--e-form-steps-indicator-inactive-primary-color,#c2cbd2)}.e-form__indicators__indicator--state-inactive [class*=indicator--shape-]:not(.e-form__indicators__indicator--shape-none){background-color:var(--e-form-steps-indicator-inactive-secondary-color,#fff)}.e-form__indicators__indicator--state-inactive object,.e-form__indicators__indicator--state-inactive svg{fill:var(--e-form-steps-indicator-inactive-primary-color,#c2cbd2)}.e-form__indicators__indicator--state-active{color:var(--e-form-steps-indicator-active-primary-color,#39b54a);border-color:var(--e-form-steps-indicator-active-secondary-color,#fff)}.e-form__indicators__indicator--state-active [class*=indicator--shape-]:not(.e-form__indicators__indicator--shape-none){background-color:var(--e-form-steps-indicator-active-secondary-color,#fff)}.e-form__indicators__indicator--state-active object,.e-form__indicators__indicator--state-active svg{fill:var(--e-form-steps-indicator-active-primary-color,#39b54a)}.e-form__indicators__indicator--state-completed{color:var(--e-form-steps-indicator-completed-secondary-color,#fff)}.e-form__indicators__indicator--state-completed [class*=indicator--shape-]:not(.e-form__indicators__indicator--shape-none){background-color:var(--e-form-steps-indicator-completed-primary-color,#39b54a)}.e-form__indicators__indicator--state-completed .e-form__indicators__indicator__label{color:var(--e-form-steps-indicator-completed-primary-color,#39b54a)}.e-form__indicators__indicator--state-completed .e-form__indicators__indicator--shape-none{color:var(--e-form-steps-indicator-completed-primary-color,#39b54a);background-color:initial}.e-form__indicators__indicator--state-completed object,.e-form__indicators__indicator--state-completed svg{fill:var(--e-form-steps-indicator-completed-secondary-color,#fff)}.e-form__indicators__indicator__icon{width:var(--e-form-steps-indicator-padding,30px);height:var(--e-form-steps-indicator-padding,30px);font-size:var(--e-form-steps-indicator-icon-size);border-width:1px;border-style:solid;display:flex;justify-content:center;align-items:center;overflow:hidden;margin-bottom:10px}.e-form__indicators__indicator__icon img,.e-form__indicators__indicator__icon object,.e-form__indicators__indicator__icon svg{width:var(--e-form-steps-indicator-icon-size);height:auto}.e-form__indicators__indicator__icon .e-font-icon-svg{height:1em}.e-form__indicators__indicator__number{width:var(--e-form-steps-indicator-padding,30px);height:var(--e-form-steps-indicator-padding,30px);border-width:1px;border-style:solid;display:flex;justify-content:center;align-items:center;margin-bottom:10px}.e-form__indicators__indicator--shape-circle{border-radius:50%}.e-form__indicators__indicator--shape-square{border-radius:0}.e-form__indicators__indicator--shape-rounded{border-radius:5px}.e-form__indicators__indicator--shape-none{border:0}.e-form__indicators__indicator__label{text-align:center}.e-form__indicators__indicator__separator{width:100%;height:var(--e-form-steps-divider-width);background-color:#babfc5}.e-form__indicators--type-icon,.e-form__indicators--type-icon_text,.e-form__indicators--type-number,.e-form__indicators--type-number_text{align-items:flex-start}.e-form__indicators--type-icon .e-form__indicators__indicator__separator,.e-form__indicators--type-icon_text .e-form__indicators__indicator__separator,.e-form__indicators--type-number .e-form__indicators__indicator__separator,.e-form__indicators--type-number_text .e-form__indicators__indicator__separator{margin-top:calc(var(--e-form-steps-indicator-padding, 30px) \/ 2 - var(--e-form-steps-divider-width, 1px) \/ 2)}.elementor-field-type-hidden{display:none}.elementor-field-type-html{display:inline-block}.elementor-field-type-tel input{direction:inherit}.elementor-login .elementor-lost-password,.elementor-login .elementor-remember-me{font-size:.85em}.elementor-field-type-recaptcha_v3 .elementor-field-label{display:none}.elementor-field-type-recaptcha_v3 .grecaptcha-badge{z-index:1}.elementor-button .elementor-form-spinner{order:3}.elementor-form .elementor-button .elementor-button-content-wrapper{align-items:center}.elementor-form .elementor-button .elementor-button-text{white-space:normal}.elementor-form .elementor-button svg{height:auto}.elementor-form .elementor-button .e-font-icon-svg{height:1em}.elementor-form .elementor-button .elementor-button-content-wrapper{gap:5px}.elementor-form .elementor-button .elementor-button-icon,.elementor-form .elementor-button .elementor-button-text{flex-grow:unset;order:unset}.elementor-select-wrapper .select-caret-down-wrapper{position:absolute;top:50%;transform:translateY(-50%);inset-inline-end:10px;pointer-events:none;font-size:11px}.elementor-select-wrapper .select-caret-down-wrapper svg{display:unset;width:1em;aspect-ratio:unset;fill:currentColor}.elementor-select-wrapper .select-caret-down-wrapper i{font-size:19px;line-height:2}.elementor-select-wrapper.remove-before:before{content:\"\"!important}<\/style>\t\t<form class=\"elementor-form\" method=\"post\" name=\"Nuevo formulario\">\n\t\t\t<input type=\"hidden\" name=\"post_id\" value=\"301\"\/>\n\t\t\t<input type=\"hidden\" name=\"form_id\" value=\"de7050e\"\/>\n\t\t\t<input type=\"hidden\" name=\"referer_title\" value=\"Yimby residences\" \/>\n\n\t\t\t\n\t\t\t<div class=\"elementor-form-fields-wrapper elementor-labels-above\">\n\t\t\t\t\t\t\t\t<div class=\"elementor-field-type-text elementor-field-group elementor-column elementor-field-group-name elementor-col-50\">\n\t\t\t\t\t\t\t\t\t\t\t\t<label for=\"form-field-name\" class=\"elementor-field-label\">\n\t\t\t\t\t\t\t\tNombre\t\t\t\t\t\t\t<\/label>\n\t\t\t\t\t\t\t\t\t\t\t\t\t\t<input size=\"1\" type=\"text\" name=\"form_fields[name]\" id=\"form-field-name\" class=\"elementor-field elementor-size-sm  elementor-field-textual\">\n\t\t\t\t\t\t\t\t\t\t\t<\/div>\n\t\t\t\t\t\t\t\t<div class=\"elementor-field-type-text elementor-field-group elementor-column elementor-field-group-field_9d5a62b elementor-col-50\">\n\t\t\t\t\t\t\t\t\t\t\t\t<label for=\"form-field-field_9d5a62b\" class=\"elementor-field-label\">\n\t\t\t\t\t\t\t\tEmpresa\t\t\t\t\t\t\t<\/label>\n\t\t\t\t\t\t\t\t\t\t\t\t\t\t<input size=\"1\" type=\"text\" name=\"form_fields[field_9d5a62b]\" id=\"form-field-field_9d5a62b\" class=\"elementor-field elementor-size-sm  elementor-field-textual\">\n\t\t\t\t\t\t\t\t\t\t\t<\/div>\n\t\t\t\t\t\t\t\t<div class=\"elementor-field-type-email elementor-field-group elementor-column elementor-field-group-email elementor-col-100 elementor-field-required\">\n\t\t\t\t\t\t\t\t\t\t\t\t<label for=\"form-field-email\" class=\"elementor-field-label\">\n\t\t\t\t\t\t\t\tE-mail\t\t\t\t\t\t\t<\/label>\n\t\t\t\t\t\t\t\t\t\t\t\t\t\t<input size=\"1\" type=\"email\" name=\"form_fields[email]\" id=\"form-field-email\" class=\"elementor-field elementor-size-sm  elementor-field-textual\" required=\"required\" aria-required=\"true\">\n\t\t\t\t\t\t\t\t\t\t\t<\/div>\n\t\t\t\t\t\t\t\t<div class=\"elementor-field-type-tel elementor-field-group elementor-column elementor-field-group-field_159bf01 elementor-col-100 elementor-field-required\">\n\t\t\t\t\t\t\t\t\t\t\t\t<label for=\"form-field-field_159bf01\" class=\"elementor-field-label\">\n\t\t\t\t\t\t\t\tTel\u00e9fono\t\t\t\t\t\t\t<\/label>\n\t\t\t\t\t\t\t\t<input size=\"1\" type=\"tel\" name=\"form_fields[field_159bf01]\" id=\"form-field-field_159bf01\" class=\"elementor-field elementor-size-sm  elementor-field-textual\" required=\"required\" aria-required=\"true\" pattern=\"[0-9()#&amp;+*-=.]+\" title=\"Solo se aceptan n\u00fameros y caracteres de tel\u00e9fono (#,-,*,etc).\">\n\n\t\t\t\t\t\t<\/div>\n\t\t\t\t\t\t\t\t<div class=\"elementor-field-type-textarea elementor-field-group elementor-column elementor-field-group-message elementor-col-100\">\n\t\t\t\t\t\t\t\t\t\t\t\t<label for=\"form-field-message\" class=\"elementor-field-label\">\n\t\t\t\t\t\t\t\tMensaje\t\t\t\t\t\t\t<\/label>\n\t\t\t\t\t\t<textarea class=\"elementor-field-textual elementor-field  elementor-size-sm\" name=\"form_fields[message]\" id=\"form-field-message\" rows=\"4\"><\/textarea>\t\t\t\t<\/div>\n\t\t\t\t\t\t\t\t<div class=\"elementor-field-type-textarea elementor-field-group elementor-column elementor-field-group-field_56a0266 elementor-col-100\">\n\t\t\t\t\t\t\t\t\t\t\t\t<label for=\"form-field-field_56a0266\" class=\"elementor-field-label\">\n\t\t\t\t\t\t\t\tProtecci\u00f3n de datos\t\t\t\t\t\t\t<\/label>\n\t\t\t\t\t\t<textarea class=\"elementor-field-textual elementor-field  elementor-size-sm\" name=\"form_fields[field_56a0266]\" id=\"form-field-field_56a0266\" rows=\"7\" placeholder=\"PROTECCI\u00d3N DE DATOS: Reglamento (UE) 2016\/679 RGPD y LOPDGDD 3\/2018. KAYENTA PROYECTOS &amp; DESARROLLOS, S.A., como responsable del tratamiento, tratar\u00e1 sus datos para gestionar sus solicitudes de informaci\u00f3n, dudas, consultas, sugerencias o quejas. Podr\u00e1 ejercitar los derechos de acceso, rectificaci\u00f3n y supresi\u00f3n de los datos, entre otros, tal y como se explica en la informaci\u00f3n adicional que est\u00e1 a su disposici\u00f3n en el apartado de Pol\u00edtica de Privacidad.\"><\/textarea>\t\t\t\t<\/div>\n\t\t\t\t\t\t\t\t<div class=\"elementor-field-group elementor-column elementor-field-type-submit elementor-col-100 e-form__buttons\">\n\t\t\t\t\t<button class=\"elementor-button elementor-size-sm\" type=\"submit\">\n\t\t\t\t\t\t<span class=\"elementor-button-content-wrapper\">\n\t\t\t\t\t\t\t\t\t\t\t\t\t\t\t\t\t\t\t\t\t\t<span class=\"elementor-button-text\">Enviar<\/span>\n\t\t\t\t\t\t\t\t\t\t\t\t\t<\/span>\n\t\t\t\t\t<\/button>\n\t\t\t\t<\/div>\n\t\t\t<\/div>\n\t\t<\/form>\n\t\t\t\t<\/div>\n\t\t\t\t<\/div>\n\t\t\t\t<\/div>\n\t\t\t\t\t<\/div>\n\t\t\t\t<\/div>\n\t\t<div class=\"elementor-element elementor-element-9085b98 e-flex e-con-boxed e-con e-parent\" data-id=\"9085b98\" data-element_type=\"container\">\n\t\t\t\t\t<div class=\"e-con-inner\">\n\t\t\t\t<div class=\"elementor-element elementor-element-702dbda elementor-widget elementor-widget-image\" data-id=\"702dbda\" data-element_type=\"widget\" data-widget_type=\"image.default\">\n\t\t\t\t<div class=\"elementor-widget-container\">\n\t\t\t<style>\/*! elementor - v3.22.0 - 26-06-2024 *\/\n.elementor-widget-image{text-align:center}.elementor-widget-image a{display:inline-block}.elementor-widget-image a img[src$=\".svg\"]{width:48px}.elementor-widget-image img{vertical-align:middle;display:inline-block}<\/style>\t\t\t\t\t\t\t\t\t\t<img decoding=\"async\" src=\"https:\/\/yimbyresidences.com\/genova5\/wp-content\/uploads\/elementor\/thumbs\/Logo-arena-qov9q2z53bnk4aa64ody4vnefx2ayvzfb2dkn6ti88.png\" title=\"Logo arena\" alt=\"Logo arena\" loading=\"lazy\" \/>\t\t\t\t\t\t\t\t\t\t\t\t\t<\/div>\n\t\t\t\t<\/div>\n\t\t\t\t\t<\/div>\n\t\t\t\t<\/div>\n\t\t<div class=\"elementor-element elementor-element-c0fb090 e-con-full e-flex e-con e-parent\" data-id=\"c0fb090\" data-element_type=\"container\" data-settings=\"{&quot;background_background&quot;:&quot;slideshow&quot;,&quot;background_slideshow_gallery&quot;:[{&quot;id&quot;:309,&quot;url&quot;:&quot;https:\\\/\\\/yimbyresidences.com\\\/genova5\\\/wp-content\\\/uploads\\\/2024\\\/05\\\/img-footer-1.webp&quot;}],&quot;background_slideshow_loop&quot;:&quot;yes&quot;,&quot;background_slideshow_slide_duration&quot;:5000,&quot;background_slideshow_slide_transition&quot;:&quot;fade&quot;,&quot;background_slideshow_transition_duration&quot;:500}\">\n\t\t\t\t<\/div>\n\t\t\t\t<\/div>\n\t\t","protected":false},"excerpt":{"rendered":"<p>CONTACTO \u00bfEN QU\u00c9 PODEMOS ATENDERLE? LE ESCUCHAMOS<\/p>\n","protected":false},"author":1,"featured_media":0,"parent":0,"menu_order":0,"comment_status":"closed","ping_status":"closed","template":"","meta":{"footnotes":""},"class_list":["post-301","page","type-page","status-publish"],"yoast_head":"<!-- This site is optimized with the Yoast SEO plugin v26.5 - https:\/\/yoast.com\/wordpress\/plugins\/seo\/ -->\n<title>Contacto<\/title>\n<meta name=\"description\" content=\"Contacto de Yimby residences - Genova 5\" \/>\n<meta name=\"robots\" content=\"index, follow, max-snippet:-1, max-image-preview:large, max-video-preview:-1\" \/>\n<link rel=\"canonical\" href=\"https:\/\/yimbyresidences.com\/genova5\/contacto\/\" \/>\n<meta property=\"og:locale\" content=\"es_ES\" \/>\n<meta property=\"og:type\" content=\"article\" \/>\n<meta property=\"og:title\" content=\"Contacto\" \/>\n<meta property=\"og:description\" content=\"Contacto de Yimby residences - Genova 5\" \/>\n<meta property=\"og:url\" content=\"https:\/\/yimbyresidences.com\/genova5\/contacto\/\" \/>\n<meta property=\"og:site_name\" content=\"Yimby residences\" \/>\n<meta property=\"article:modified_time\" content=\"2024-10-31T20:52:37+00:00\" \/>\n<meta property=\"og:image\" content=\"https:\/\/yimbyresidences.com\/genova5\/wp-content\/uploads\/elementor\/thumbs\/Logo-arena-qov9q2z53bnk4aa64ody4vnefx2ayvzfb2dkn6ti8i.png\" \/>\n<meta name=\"twitter:card\" content=\"summary_large_image\" \/>\n<meta name=\"twitter:label1\" content=\"Tiempo de lectura\" \/>\n\t<meta name=\"twitter:data1\" content=\"1 minuto\" \/>\n<script type=\"application\/ld+json\" class=\"yoast-schema-graph\">{\"@context\":\"https:\/\/schema.org\",\"@graph\":[{\"@type\":\"WebPage\",\"@id\":\"https:\/\/yimbyresidences.com\/genova5\/contacto\/\",\"url\":\"https:\/\/yimbyresidences.com\/genova5\/contacto\/\",\"name\":\"Contacto\",\"isPartOf\":{\"@id\":\"https:\/\/yimbyresidences.com\/genova5\/#website\"},\"primaryImageOfPage\":{\"@id\":\"https:\/\/yimbyresidences.com\/genova5\/contacto\/#primaryimage\"},\"image\":{\"@id\":\"https:\/\/yimbyresidences.com\/genova5\/contacto\/#primaryimage\"},\"thumbnailUrl\":\"https:\/\/yimbyresidences.com\/genova5\/wp-content\/uploads\/elementor\/thumbs\/Logo-arena-qov9q2z53bnk4aa64ody4vnefx2ayvzfb2dkn6ti8i.png\",\"datePublished\":\"2024-05-03T09:20:22+00:00\",\"dateModified\":\"2024-10-31T20:52:37+00:00\",\"description\":\"Contacto de Yimby residences - Genova 5\",\"breadcrumb\":{\"@id\":\"https:\/\/yimbyresidences.com\/genova5\/contacto\/#breadcrumb\"},\"inLanguage\":\"es\",\"potentialAction\":[{\"@type\":\"ReadAction\",\"target\":[\"https:\/\/yimbyresidences.com\/genova5\/contacto\/\"]}]},{\"@type\":\"ImageObject\",\"inLanguage\":\"es\",\"@id\":\"https:\/\/yimbyresidences.com\/genova5\/contacto\/#primaryimage\",\"url\":\"https:\/\/yimbyresidences.com\/genova5\/wp-content\/uploads\/elementor\/thumbs\/Logo-arena-qov9q2z53bnk4aa64ody4vnefx2ayvzfb2dkn6ti8i.png\",\"contentUrl\":\"https:\/\/yimbyresidences.com\/genova5\/wp-content\/uploads\/elementor\/thumbs\/Logo-arena-qov9q2z53bnk4aa64ody4vnefx2ayvzfb2dkn6ti8i.png\"},{\"@type\":\"BreadcrumbList\",\"@id\":\"https:\/\/yimbyresidences.com\/genova5\/contacto\/#breadcrumb\",\"itemListElement\":[{\"@type\":\"ListItem\",\"position\":1,\"name\":\"Portada\",\"item\":\"https:\/\/yimbyresidences.com\/genova5\/\"},{\"@type\":\"ListItem\",\"position\":2,\"name\":\"Contacto\"}]},{\"@type\":\"WebSite\",\"@id\":\"https:\/\/yimbyresidences.com\/genova5\/#website\",\"url\":\"https:\/\/yimbyresidences.com\/genova5\/\",\"name\":\"Yimby Residences\",\"description\":\"Edificio en Madrid\",\"publisher\":{\"@id\":\"https:\/\/yimbyresidences.com\/genova5\/#organization\"},\"potentialAction\":[{\"@type\":\"SearchAction\",\"target\":{\"@type\":\"EntryPoint\",\"urlTemplate\":\"https:\/\/yimbyresidences.com\/genova5\/?s={search_term_string}\"},\"query-input\":{\"@type\":\"PropertyValueSpecification\",\"valueRequired\":true,\"valueName\":\"search_term_string\"}}],\"inLanguage\":\"es\"},{\"@type\":\"Organization\",\"@id\":\"https:\/\/yimbyresidences.com\/genova5\/#organization\",\"name\":\"Yimby Residences\",\"url\":\"https:\/\/yimbyresidences.com\/genova5\/\",\"logo\":{\"@type\":\"ImageObject\",\"inLanguage\":\"es\",\"@id\":\"https:\/\/yimbyresidences.com\/genova5\/#\/schema\/logo\/image\/\",\"url\":\"https:\/\/yimbyresidences.com\/genova5\/wp-content\/uploads\/2024\/05\/logo-horizontal.png\",\"contentUrl\":\"https:\/\/yimbyresidences.com\/genova5\/wp-content\/uploads\/2024\/05\/logo-horizontal.png\",\"width\":413,\"height\":60,\"caption\":\"Yimby Residences\"},\"image\":{\"@id\":\"https:\/\/yimbyresidences.com\/genova5\/#\/schema\/logo\/image\/\"}}]}<\/script>\n<!-- \/ Yoast SEO plugin. -->","yoast_head_json":{"title":"Contacto","description":"Contacto de Yimby residences - Genova 5","robots":{"index":"index","follow":"follow","max-snippet":"max-snippet:-1","max-image-preview":"max-image-preview:large","max-video-preview":"max-video-preview:-1"},"canonical":"https:\/\/yimbyresidences.com\/genova5\/contacto\/","og_locale":"es_ES","og_type":"article","og_title":"Contacto","og_description":"Contacto de Yimby residences - Genova 5","og_url":"https:\/\/yimbyresidences.com\/genova5\/contacto\/","og_site_name":"Yimby residences","article_modified_time":"2024-10-31T20:52:37+00:00","og_image":[{"url":"https:\/\/yimbyresidences.com\/genova5\/wp-content\/uploads\/elementor\/thumbs\/Logo-arena-qov9q2z53bnk4aa64ody4vnefx2ayvzfb2dkn6ti8i.png","type":"","width":"","height":""}],"twitter_card":"summary_large_image","twitter_misc":{"Tiempo de lectura":"1 minuto"},"schema":{"@context":"https:\/\/schema.org","@graph":[{"@type":"WebPage","@id":"https:\/\/yimbyresidences.com\/genova5\/contacto\/","url":"https:\/\/yimbyresidences.com\/genova5\/contacto\/","name":"Contacto","isPartOf":{"@id":"https:\/\/yimbyresidences.com\/genova5\/#website"},"primaryImageOfPage":{"@id":"https:\/\/yimbyresidences.com\/genova5\/contacto\/#primaryimage"},"image":{"@id":"https:\/\/yimbyresidences.com\/genova5\/contacto\/#primaryimage"},"thumbnailUrl":"https:\/\/yimbyresidences.com\/genova5\/wp-content\/uploads\/elementor\/thumbs\/Logo-arena-qov9q2z53bnk4aa64ody4vnefx2ayvzfb2dkn6ti8i.png","datePublished":"2024-05-03T09:20:22+00:00","dateModified":"2024-10-31T20:52:37+00:00","description":"Contacto de Yimby residences - Genova 5","breadcrumb":{"@id":"https:\/\/yimbyresidences.com\/genova5\/contacto\/#breadcrumb"},"inLanguage":"es","potentialAction":[{"@type":"ReadAction","target":["https:\/\/yimbyresidences.com\/genova5\/contacto\/"]}]},{"@type":"ImageObject","inLanguage":"es","@id":"https:\/\/yimbyresidences.com\/genova5\/contacto\/#primaryimage","url":"https:\/\/yimbyresidences.com\/genova5\/wp-content\/uploads\/elementor\/thumbs\/Logo-arena-qov9q2z53bnk4aa64ody4vnefx2ayvzfb2dkn6ti8i.png","contentUrl":"https:\/\/yimbyresidences.com\/genova5\/wp-content\/uploads\/elementor\/thumbs\/Logo-arena-qov9q2z53bnk4aa64ody4vnefx2ayvzfb2dkn6ti8i.png"},{"@type":"BreadcrumbList","@id":"https:\/\/yimbyresidences.com\/genova5\/contacto\/#breadcrumb","itemListElement":[{"@type":"ListItem","position":1,"name":"Portada","item":"https:\/\/yimbyresidences.com\/genova5\/"},{"@type":"ListItem","position":2,"name":"Contacto"}]},{"@type":"WebSite","@id":"https:\/\/yimbyresidences.com\/genova5\/#website","url":"https:\/\/yimbyresidences.com\/genova5\/","name":"Yimby Residences","description":"Edificio en Madrid","publisher":{"@id":"https:\/\/yimbyresidences.com\/genova5\/#organization"},"potentialAction":[{"@type":"SearchAction","target":{"@type":"EntryPoint","urlTemplate":"https:\/\/yimbyresidences.com\/genova5\/?s={search_term_string}"},"query-input":{"@type":"PropertyValueSpecification","valueRequired":true,"valueName":"search_term_string"}}],"inLanguage":"es"},{"@type":"Organization","@id":"https:\/\/yimbyresidences.com\/genova5\/#organization","name":"Yimby Residences","url":"https:\/\/yimbyresidences.com\/genova5\/","logo":{"@type":"ImageObject","inLanguage":"es","@id":"https:\/\/yimbyresidences.com\/genova5\/#\/schema\/logo\/image\/","url":"https:\/\/yimbyresidences.com\/genova5\/wp-content\/uploads\/2024\/05\/logo-horizontal.png","contentUrl":"https:\/\/yimbyresidences.com\/genova5\/wp-content\/uploads\/2024\/05\/logo-horizontal.png","width":413,"height":60,"caption":"Yimby Residences"},"image":{"@id":"https:\/\/yimbyresidences.com\/genova5\/#\/schema\/logo\/image\/"}}]}},"_links":{"self":[{"href":"https:\/\/yimbyresidences.com\/genova5\/wp-json\/wp\/v2\/pages\/301","targetHints":{"allow":["GET"]}}],"collection":[{"href":"https:\/\/yimbyresidences.com\/genova5\/wp-json\/wp\/v2\/pages"}],"about":[{"href":"https:\/\/yimbyresidences.com\/genova5\/wp-json\/wp\/v2\/types\/page"}],"author":[{"embeddable":true,"href":"https:\/\/yimbyresidences.com\/genova5\/wp-json\/wp\/v2\/users\/1"}],"replies":[{"embeddable":true,"href":"https:\/\/yimbyresidences.com\/genova5\/wp-json\/wp\/v2\/comments?post=301"}],"version-history":[{"count":94,"href":"https:\/\/yimbyresidences.com\/genova5\/wp-json\/wp\/v2\/pages\/301\/revisions"}],"predecessor-version":[{"id":2438,"href":"https:\/\/yimbyresidences.com\/genova5\/wp-json\/wp\/v2\/pages\/301\/revisions\/2438"}],"wp:attachment":[{"href":"https:\/\/yimbyresidences.com\/genova5\/wp-json\/wp\/v2\/media?parent=301"}],"curies":[{"name":"wp","href":"https:\/\/api.w.org\/{rel}","templated":true}]}}