{"id":2223,"date":"2024-06-10T16:06:53","date_gmt":"2024-06-10T16:06:53","guid":{"rendered":"https:\/\/yimbyresidences.com\/genova5\/?page_id=2223"},"modified":"2024-10-31T10:27:07","modified_gmt":"2024-10-31T10:27:07","slug":"cookies","status":"publish","type":"page","link":"https:\/\/yimbyresidences.com\/genova5\/cookies\/","title":{"rendered":"Cookies"},"content":{"rendered":"\t\t<div data-elementor-type=\"wp-page\" data-elementor-id=\"2223\" class=\"elementor elementor-2223\" data-elementor-post-type=\"page\">\n\t\t\t\t<div class=\"elementor-element elementor-element-17eb6265 e-flex e-con-boxed e-con e-parent\" data-id=\"17eb6265\" data-element_type=\"container\">\n\t\t\t\t\t<div class=\"e-con-inner\">\n\t\t\t\t<div class=\"elementor-element elementor-element-f75b467 elementor-widget elementor-widget-text-editor\" data-id=\"f75b467\" data-element_type=\"widget\" data-widget_type=\"text-editor.default\">\n\t\t\t\t<div class=\"elementor-widget-container\">\n\t\t\t<style>\/*! elementor - v3.22.0 - 26-06-2024 *\/\n.elementor-widget-text-editor.elementor-drop-cap-view-stacked .elementor-drop-cap{background-color:#69727d;color:#fff}.elementor-widget-text-editor.elementor-drop-cap-view-framed .elementor-drop-cap{color:#69727d;border:3px solid;background-color:transparent}.elementor-widget-text-editor:not(.elementor-drop-cap-view-default) .elementor-drop-cap{margin-top:8px}.elementor-widget-text-editor:not(.elementor-drop-cap-view-default) .elementor-drop-cap-letter{width:1em;height:1em}.elementor-widget-text-editor .elementor-drop-cap{float:left;text-align:center;line-height:1;font-size:50px}.elementor-widget-text-editor .elementor-drop-cap-letter{display:inline-block}<\/style>\t\t\t\t<h1>Pol\u00edtica de cookies<\/h1><p class=\"MsoNormal\" style=\"margin-top: 8.0pt; mso-pagination: none; mso-layout-grid-align: none; text-autospace: none;\"><b>\u00bfQu\u00e9 son las cookies?<\/b><\/p><p class=\"MsoNormal\" style=\"margin-bottom: 6.0pt; mso-pagination: none; mso-layout-grid-align: none; text-autospace: none;\">Una cookie es un fichero que se descarga en su dispositivo al entrar en determinadas p\u00e1ginas web. Las cookies permiten gestionar el acceso a zonas restringidas, almacenar y recuperar informaci\u00f3n sobre los h\u00e1bitos de navegaci\u00f3n del usuario o del equipo, etc.<\/p><p class=\"MsoNormal\" style=\"margin-bottom: 6.0pt; mso-pagination: none; mso-layout-grid-align: none; text-autospace: none;\">De acuerdo con la legislaci\u00f3n vigente se pueden almacenar en su dispositivo las cookies estrictamente necesarias para el correcto funcionamiento web. Para poder almacenar cualquier otro tipo de cookie se necesita de su consentimiento.<\/p><p class=\"MsoNormal\" style=\"margin-top: 8.0pt;\"><b>\u00bfQu\u00e9 cookies se utilizan en la web, con qu\u00e9 finalidad y cu\u00e1nto tiempo se conservan?<\/b><\/p><p class=\"MsoNormal\" style=\"margin-top: 8.0pt;\">A continuaci\u00f3n, relacionamos todas las cookies que utilizamos en nuestro sitio web. En funci\u00f3n de c\u00f3mo est\u00e9 configurado su navegador es posible que se le muestren menos.<\/p><p class=\"MsoNormal\">1. Cookies necesarias:<\/p><p><span style=\"font-family: Calibri, sans-serif; font-size: 11pt; text-align: var(--text-align);\">Estas cookies se utilizan para habilitar las funciones b\u00e1sicas de este sitio, como proporcionar un inicio seguro o ajustar su<\/span><span style=\"text-align: var(--text-align);\">\u00a0consentimiento.<\/span><\/p><table><tbody><tr><td><div><p>COOKIE<\/p><\/div><\/td><td><div><p>FINALIDAD<\/p><\/div><\/td><td><div><p>TIPO<\/p><\/div><\/td><td><div><p>PROPIA\/ TERCEROS<\/p><\/div><\/td><td><div><p>TIEMPO DE ALMACENAMIENTO<\/p><\/div><\/td><\/tr><tr><td><div><p>elementor<\/p><\/div><\/td><td><div><p>Esta cookie de WordPress permite implementar o cambiar el contenido del sitio en tiempo real<\/p><\/div><\/td><td><div><p>Necesaria<\/p><\/div><\/td><td><div><p>Propia<\/p><\/div><\/td><td><div><p>Nunca<\/p><\/div><\/td><\/tr><tr><td><div><p>wpEmojiSettingsSupports<\/p><\/div><\/td><td><div><p>Esta cookie se utiliza cuando un usuariointeract\u00faa con emojis en un sitio de WordPress. Ayuda a determinar si el navegador utilizado puede mostrar emojis correctamente<\/p><\/div><\/td><td><div><p>Necesaria<\/p><\/div><\/td><td><div><p>Propia<\/p><\/div><\/td><td><div><p>Sesi\u00f3n<\/p><\/div><\/td><\/tr><\/tbody><\/table><p>2. Cookies de preferencias:<\/p><p>Estas cookies se utilizan para darle acceso al sitio con ciertas caracter\u00edsticas que pueden diferenciar su experiencia de la de otros usuarios.<\/p><table><tbody><tr><td><div><p>COOKIE<\/p><\/div><\/td><td><div><p>FINALIDAD<\/p><\/div><\/td><td><div><p>TIPO<\/p><\/div><\/td><td><div><p>PROPIA\/ TERCEROS<\/p><\/div><\/td><td><div><p>TIEMPO DE ALMACENAMIENTO<\/p><\/div><\/td><\/tr><tr><td><div><p>wp-wpml_current_language<\/p><\/div><\/td><td><div><p>Utilizada para almacenar preferencias sobre lenguaje<\/p><\/div><\/td><td><div><p>Preferencias<\/p><\/div><\/td><td><div><p>Propia<\/p><\/div><\/td><td><div><p>Sesi\u00f3n<\/p><\/div><\/td><\/tr><\/tbody><\/table><p>\u00bfPor qu\u00e9 podemos usar las cookies?<\/p><p>Las cookies utilizadas se encuentran fuera del \u00e1mbito de aplicaci\u00f3n de la Ley 34\/2002, de 11 de julio, de servicios de la sociedad de la informaci\u00f3n y de comercio electr\u00f3nico, son estrictamente necesarias para prestar el servicio web y sus preferencias con respecto al idioma por lo que no tiene opci\u00f3n consentir o no consentir su uso.<\/p><p>\u00bfSe realizar\u00e1n transferencias de sus datos a terceros pa\u00edses?<\/p><p>No se van a realizar Transferencias Internacionales de sus datos.<\/p><p>\u00bfComo puedo desactivar o eliminar las Cookies?<\/p><p>Puede permitir, bloquear o eliminar las cookies instaladas en su dispositivo mediante la configuraci\u00f3n de las opciones del navegador. En los siguientes enlaces encontrar\u00e1 informaci\u00f3n adicional sobre las opciones de configuraci\u00f3n de las cookies para distintos navegadores.<\/p><p>Internet Explorer: <a href=\"https:\/\/support.microsoft.com\/es-es\/topic\/c%C3%B3mo-eliminar-archivos-de-cookies-en-internet-explorer-bca9446f-d873-78de-77ba-d42645fa52fc\">https:\/\/support.microsoft.com\/es-es\/topic\/c%C3%B3mo-eliminar-archivos-de-cookies-en-internet-explorer-bca9446f-d873-78de-77ba-d42645fa52fc<\/a><\/p><p>GoogleChrome:<a href=\"https:\/\/support.google.com\/chrome\/answer\/95647?co=GENIE.Platform%3DDesktop&amp;hl=es\">https:\/\/support.google.com\/chrome\/answer\/95647?co=GENIE.Platform%3DDesktop&amp;hl=es<\/a><\/p><p>Firefox:\u00a0<a href=\"https:\/\/support.mozilla.org\/es\/kb\/Deshabilitar%20cookies%20de%20terceros\">https:\/\/support.mozilla.org\/es\/kb\/Deshabilitar%20cookies%20de%20terceros<\/a><\/p><p>Safari:\u00a0<a href=\"https:\/\/support.apple.com\/es-es\/guide\/safari\/sfri11471\/mac\">https:\/\/support.apple.com\/es-es\/guide\/safari\/sfri11471\/mac<\/a><\/p><p>\u00bfD\u00f3nde puede obtener m\u00e1s informaci\u00f3n relativa al tratamiento de sus datos?<\/p><p>Si desea obtener m\u00e1s informaci\u00f3n sobre quien es el responsable del tratamiento de sus datos, sobre cu\u00e1les son sus derechos y sobre c\u00f3mo puede ejercitarlos, puede hacerlo a trav\u00e9s de nuestra <a href=\"https:\/\/yimbyresidences.com\/genova5\/politica-de-privacidad\/\">Pol\u00edtica de Privacidad.<\/a><\/p><p>\u00a0<\/p>\t\t\t\t\t\t<\/div>\n\t\t\t\t<\/div>\n\t\t\t\t\t<\/div>\n\t\t\t\t<\/div>\n\t\t\t\t<\/div>\n\t\t","protected":false},"excerpt":{"rendered":"<p>Pol\u00edtica de cookies \u00bfQu\u00e9 son las cookies? Una cookie es un fichero que se descarga en su dispositivo al entrar en determinadas p\u00e1ginas web. Las cookies permiten gestionar el acceso a zonas restringidas, almacenar y recuperar informaci\u00f3n sobre los h\u00e1bitos de navegaci\u00f3n del usuario o del equipo, etc. De acuerdo con la legislaci\u00f3n vigente se &#8230; <a title=\"Cookies\" class=\"read-more\" href=\"https:\/\/yimbyresidences.com\/genova5\/cookies\/\" aria-label=\"Leer m\u00e1s sobre Cookies\">Leer m\u00e1s<\/a><\/p>\n","protected":false},"author":1,"featured_media":0,"parent":0,"menu_order":0,"comment_status":"closed","ping_status":"closed","template":"","meta":{"footnotes":""},"class_list":["post-2223","page","type-page","status-publish"],"yoast_head":"<!-- This site is optimized with the Yoast SEO plugin v26.5 - https:\/\/yoast.com\/wordpress\/plugins\/seo\/ -->\n<title>Cookies - Yimby residences<\/title>\n<meta name=\"description\" content=\"Aviso legal\" \/>\n<meta name=\"robots\" content=\"index, follow, max-snippet:-1, max-image-preview:large, max-video-preview:-1\" \/>\n<link rel=\"canonical\" href=\"https:\/\/yimbyresidences.com\/genova5\/cookies\/\" \/>\n<meta property=\"og:locale\" content=\"es_ES\" \/>\n<meta property=\"og:type\" content=\"article\" \/>\n<meta property=\"og:title\" content=\"Cookies - Yimby residences\" \/>\n<meta property=\"og:description\" content=\"Aviso legal\" \/>\n<meta property=\"og:url\" content=\"https:\/\/yimbyresidences.com\/genova5\/cookies\/\" \/>\n<meta property=\"og:site_name\" content=\"Yimby residences\" \/>\n<meta property=\"article:modified_time\" content=\"2024-10-31T10:27:07+00:00\" \/>\n<meta name=\"twitter:card\" content=\"summary_large_image\" \/>\n<meta name=\"twitter:label1\" content=\"Tiempo de lectura\" \/>\n\t<meta name=\"twitter:data1\" content=\"2 minutos\" \/>\n<script type=\"application\/ld+json\" class=\"yoast-schema-graph\">{\"@context\":\"https:\/\/schema.org\",\"@graph\":[{\"@type\":\"WebPage\",\"@id\":\"https:\/\/yimbyresidences.com\/genova5\/cookies\/\",\"url\":\"https:\/\/yimbyresidences.com\/genova5\/cookies\/\",\"name\":\"Cookies - Yimby residences\",\"isPartOf\":{\"@id\":\"https:\/\/yimbyresidences.com\/genova5\/#website\"},\"datePublished\":\"2024-06-10T16:06:53+00:00\",\"dateModified\":\"2024-10-31T10:27:07+00:00\",\"description\":\"Aviso legal\",\"breadcrumb\":{\"@id\":\"https:\/\/yimbyresidences.com\/genova5\/cookies\/#breadcrumb\"},\"inLanguage\":\"es\",\"potentialAction\":[{\"@type\":\"ReadAction\",\"target\":[\"https:\/\/yimbyresidences.com\/genova5\/cookies\/\"]}]},{\"@type\":\"BreadcrumbList\",\"@id\":\"https:\/\/yimbyresidences.com\/genova5\/cookies\/#breadcrumb\",\"itemListElement\":[{\"@type\":\"ListItem\",\"position\":1,\"name\":\"Portada\",\"item\":\"https:\/\/yimbyresidences.com\/genova5\/\"},{\"@type\":\"ListItem\",\"position\":2,\"name\":\"Cookies\"}]},{\"@type\":\"WebSite\",\"@id\":\"https:\/\/yimbyresidences.com\/genova5\/#website\",\"url\":\"https:\/\/yimbyresidences.com\/genova5\/\",\"name\":\"Yimby Residences\",\"description\":\"Edificio en Madrid\",\"publisher\":{\"@id\":\"https:\/\/yimbyresidences.com\/genova5\/#organization\"},\"potentialAction\":[{\"@type\":\"SearchAction\",\"target\":{\"@type\":\"EntryPoint\",\"urlTemplate\":\"https:\/\/yimbyresidences.com\/genova5\/?s={search_term_string}\"},\"query-input\":{\"@type\":\"PropertyValueSpecification\",\"valueRequired\":true,\"valueName\":\"search_term_string\"}}],\"inLanguage\":\"es\"},{\"@type\":\"Organization\",\"@id\":\"https:\/\/yimbyresidences.com\/genova5\/#organization\",\"name\":\"Yimby Residences\",\"url\":\"https:\/\/yimbyresidences.com\/genova5\/\",\"logo\":{\"@type\":\"ImageObject\",\"inLanguage\":\"es\",\"@id\":\"https:\/\/yimbyresidences.com\/genova5\/#\/schema\/logo\/image\/\",\"url\":\"https:\/\/yimbyresidences.com\/genova5\/wp-content\/uploads\/2024\/05\/logo-horizontal.png\",\"contentUrl\":\"https:\/\/yimbyresidences.com\/genova5\/wp-content\/uploads\/2024\/05\/logo-horizontal.png\",\"width\":413,\"height\":60,\"caption\":\"Yimby Residences\"},\"image\":{\"@id\":\"https:\/\/yimbyresidences.com\/genova5\/#\/schema\/logo\/image\/\"}}]}<\/script>\n<!-- \/ Yoast SEO plugin. -->","yoast_head_json":{"title":"Cookies - Yimby residences","description":"Aviso legal","robots":{"index":"index","follow":"follow","max-snippet":"max-snippet:-1","max-image-preview":"max-image-preview:large","max-video-preview":"max-video-preview:-1"},"canonical":"https:\/\/yimbyresidences.com\/genova5\/cookies\/","og_locale":"es_ES","og_type":"article","og_title":"Cookies - Yimby residences","og_description":"Aviso legal","og_url":"https:\/\/yimbyresidences.com\/genova5\/cookies\/","og_site_name":"Yimby residences","article_modified_time":"2024-10-31T10:27:07+00:00","twitter_card":"summary_large_image","twitter_misc":{"Tiempo de lectura":"2 minutos"},"schema":{"@context":"https:\/\/schema.org","@graph":[{"@type":"WebPage","@id":"https:\/\/yimbyresidences.com\/genova5\/cookies\/","url":"https:\/\/yimbyresidences.com\/genova5\/cookies\/","name":"Cookies - Yimby residences","isPartOf":{"@id":"https:\/\/yimbyresidences.com\/genova5\/#website"},"datePublished":"2024-06-10T16:06:53+00:00","dateModified":"2024-10-31T10:27:07+00:00","description":"Aviso legal","breadcrumb":{"@id":"https:\/\/yimbyresidences.com\/genova5\/cookies\/#breadcrumb"},"inLanguage":"es","potentialAction":[{"@type":"ReadAction","target":["https:\/\/yimbyresidences.com\/genova5\/cookies\/"]}]},{"@type":"BreadcrumbList","@id":"https:\/\/yimbyresidences.com\/genova5\/cookies\/#breadcrumb","itemListElement":[{"@type":"ListItem","position":1,"name":"Portada","item":"https:\/\/yimbyresidences.com\/genova5\/"},{"@type":"ListItem","position":2,"name":"Cookies"}]},{"@type":"WebSite","@id":"https:\/\/yimbyresidences.com\/genova5\/#website","url":"https:\/\/yimbyresidences.com\/genova5\/","name":"Yimby Residences","description":"Edificio en Madrid","publisher":{"@id":"https:\/\/yimbyresidences.com\/genova5\/#organization"},"potentialAction":[{"@type":"SearchAction","target":{"@type":"EntryPoint","urlTemplate":"https:\/\/yimbyresidences.com\/genova5\/?s={search_term_string}"},"query-input":{"@type":"PropertyValueSpecification","valueRequired":true,"valueName":"search_term_string"}}],"inLanguage":"es"},{"@type":"Organization","@id":"https:\/\/yimbyresidences.com\/genova5\/#organization","name":"Yimby Residences","url":"https:\/\/yimbyresidences.com\/genova5\/","logo":{"@type":"ImageObject","inLanguage":"es","@id":"https:\/\/yimbyresidences.com\/genova5\/#\/schema\/logo\/image\/","url":"https:\/\/yimbyresidences.com\/genova5\/wp-content\/uploads\/2024\/05\/logo-horizontal.png","contentUrl":"https:\/\/yimbyresidences.com\/genova5\/wp-content\/uploads\/2024\/05\/logo-horizontal.png","width":413,"height":60,"caption":"Yimby Residences"},"image":{"@id":"https:\/\/yimbyresidences.com\/genova5\/#\/schema\/logo\/image\/"}}]}},"_links":{"self":[{"href":"https:\/\/yimbyresidences.com\/genova5\/wp-json\/wp\/v2\/pages\/2223","targetHints":{"allow":["GET"]}}],"collection":[{"href":"https:\/\/yimbyresidences.com\/genova5\/wp-json\/wp\/v2\/pages"}],"about":[{"href":"https:\/\/yimbyresidences.com\/genova5\/wp-json\/wp\/v2\/types\/page"}],"author":[{"embeddable":true,"href":"https:\/\/yimbyresidences.com\/genova5\/wp-json\/wp\/v2\/users\/1"}],"replies":[{"embeddable":true,"href":"https:\/\/yimbyresidences.com\/genova5\/wp-json\/wp\/v2\/comments?post=2223"}],"version-history":[{"count":10,"href":"https:\/\/yimbyresidences.com\/genova5\/wp-json\/wp\/v2\/pages\/2223\/revisions"}],"predecessor-version":[{"id":2422,"href":"https:\/\/yimbyresidences.com\/genova5\/wp-json\/wp\/v2\/pages\/2223\/revisions\/2422"}],"wp:attachment":[{"href":"https:\/\/yimbyresidences.com\/genova5\/wp-json\/wp\/v2\/media?parent=2223"}],"curies":[{"name":"wp","href":"https:\/\/api.w.org\/{rel}","templated":true}]}}