{"id":2224,"date":"2024-06-10T16:06:53","date_gmt":"2024-06-10T16:06:53","guid":{"rendered":"https:\/\/yimbyresidences.com\/genova5\/?page_id=2224"},"modified":"2024-06-10T16:06:53","modified_gmt":"2024-06-10T16:06:53","slug":"legal-advise-2","status":"publish","type":"page","link":"https:\/\/yimbyresidences.com\/genova5\/en\/legal-advise-2\/","title":{"rendered":"Legal advise"},"content":{"rendered":"\t\t<div data-elementor-type=\"wp-page\" data-elementor-id=\"2224\" class=\"elementor elementor-2224 elementor-2223\" data-elementor-post-type=\"page\">\n\t\t\t\t<div class=\"elementor-element elementor-element-17eb6265 e-flex e-con-boxed e-con e-parent\" data-id=\"17eb6265\" data-element_type=\"container\">\n\t\t\t\t\t<div class=\"e-con-inner\">\n\t\t\t\t<div class=\"elementor-element elementor-element-f75b467 elementor-widget elementor-widget-text-editor\" data-id=\"f75b467\" data-element_type=\"widget\" data-widget_type=\"text-editor.default\">\n\t\t\t\t<div class=\"elementor-widget-container\">\n\t\t\t<style>\/*! elementor - v3.22.0 - 26-06-2024 *\/\n.elementor-widget-text-editor.elementor-drop-cap-view-stacked .elementor-drop-cap{background-color:#69727d;color:#fff}.elementor-widget-text-editor.elementor-drop-cap-view-framed .elementor-drop-cap{color:#69727d;border:3px solid;background-color:transparent}.elementor-widget-text-editor:not(.elementor-drop-cap-view-default) .elementor-drop-cap{margin-top:8px}.elementor-widget-text-editor:not(.elementor-drop-cap-view-default) .elementor-drop-cap-letter{width:1em;height:1em}.elementor-widget-text-editor .elementor-drop-cap{float:left;text-align:center;line-height:1;font-size:50px}.elementor-widget-text-editor .elementor-drop-cap-letter{display:inline-block}<\/style>\t\t\t\t<h1>Aviso legal<\/h1><p>El presente Aviso Legal regula las condiciones generales de acceso y utilizaci\u00f3n del sitio web accesible en la direcci\u00f3n URL http:\/\/www.yimbybilbao.com (en adelante, el sitio web), que RIGEL 2005 S.A., a trav\u00e9s de su marca YIMBY, pone a disposici\u00f3n de los usuarios de Internet.<\/p><p>La utilizaci\u00f3n del sitio web implica la aceptaci\u00f3n plena y sin reservas de todas y cada una de las disposiciones incluidas en este Aviso Legal. En consecuencia, el usuario del sitio web debe leer atentamente el presente Aviso Legal en cada una de las ocasiones en que se proponga utilizar la web, ya que el texto podr\u00eda sufrir modificaciones a criterio del titular de la web, o a causa de un cambio legislativo, jurisprudencial o en la pr\u00e1ctica empresarial.<\/p><h3>1.- Titularidad del sitio Web.<\/h3><div class=\"p1-c13bdfdd90a8-div\"><span class=\"p1-c13bdfdd90a8-span p1-c13bdfdd90a8-text002\">Kayenta,<\/span> <span class=\"p1-c13bdfdd90a8-span p1-c13bdfdd90a8-text002\">en<\/span> <span class=\"p1-c13bdfdd90a8-span p1-c13bdfdd90a8-text002\">cumplimiento<\/span> <span class=\"p1-c13bdfdd90a8-span p1-c13bdfdd90a8-text002\">de<\/span> <span class=\"p1-c13bdfdd90a8-span p1-c13bdfdd90a8-text002\">la<\/span> <span class=\"p1-c13bdfdd90a8-span p1-c13bdfdd90a8-text002\">Ley<\/span> <span class=\"p1-c13bdfdd90a8-span p1-c13bdfdd90a8-text002\">34\/2002,<\/span> <span class=\"p1-c13bdfdd90a8-span p1-c13bdfdd90a8-text002\">de<\/span> <span class=\"p1-c13bdfdd90a8-span p1-c13bdfdd90a8-text002\">11<\/span> <span class=\"p1-c13bdfdd90a8-span p1-c13bdfdd90a8-text002\">de<\/span> <span class=\"p1-c13bdfdd90a8-span p1-c13bdfdd90a8-text002\">julio,<\/span> <span class=\"p1-c13bdfdd90a8-span p1-c13bdfdd90a8-text002\">de<\/span> <span class=\"p1-c13bdfdd90a8-span p1-c13bdfdd90a8-text002\">Servicios<\/span> <span class=\"p1-c13bdfdd90a8-span p1-c13bdfdd90a8-text002\">de<\/span> <span class=\"p1-c13bdfdd90a8-span p1-c13bdfdd90a8-text002\">la<\/span> <span class=\"p1-c13bdfdd90a8-span p1-c13bdfdd90a8-text002\">Sociedad<\/span> <span class=\"p1-c13bdfdd90a8-span p1-c13bdfdd90a8-text002\">de<\/span> <span class=\"p1-c13bdfdd90a8-span p1-c13bdfdd90a8-text002\">la <\/span><span class=\"p1-c13bdfdd90a8-span p1-c13bdfdd90a8-text002\">Informaci\u00f3n y de Comercio Electr\u00f3nico, le informa de que:<\/span><\/div><div class=\"p1-c13bdfdd90a8-div\"><span class=\"p1-c13bdfdd90a8-span p1-c13bdfdd90a8-text002\">&#8211; Su raz\u00f3n social es KAYENTA PROYECTOS &amp; DESARROLLOS, S.A.<\/span><\/div><div class=\"p1-c13bdfdd90a8-div\"><span class=\"p1-c13bdfdd90a8-span p1-c13bdfdd90a8-text002\">&#8211; Su NIF es A84519545.<\/span><\/div><div class=\"p1-c13bdfdd90a8-div\"><span class=\"p1-c13bdfdd90a8-span p1-c13bdfdd90a8-text002\">&#8211; Su domicilio se ubica en Calle G\u00e9nova, 5, 28004, Madrid (Madrid) Espa\u00f1a.<\/span><\/div><div class=\"p1-c13bdfdd90a8-div\"><span class=\"p1-c13bdfdd90a8-span p1-c13bdfdd90a8-text002\">&#8211; Su tel\u00e9fono de contacto es 949261207. <\/span><\/div><div class=\"p1-c13bdfdd90a8-div\"><span class=\"p1-c13bdfdd90a8-span p1-c13bdfdd90a8-text002\">&#8211; Su direcci\u00f3n de correo electr\u00f3nico de contacto es grupo@graneuropa.com.<\/span><\/div><div class=\"p1-c13bdfdd90a8-div\"><span class=\"p1-c13bdfdd90a8-span p1-c13bdfdd90a8-text002\">&#8211;<\/span> <span class=\"p1-c13bdfdd90a8-span p1-c13bdfdd90a8-text002\">Est\u00e1<\/span> <span class=\"p1-c13bdfdd90a8-span p1-c13bdfdd90a8-text002\">inscrita<\/span> <span class=\"p1-c13bdfdd90a8-span p1-c13bdfdd90a8-text002\">en<\/span> <span class=\"p1-c13bdfdd90a8-span p1-c13bdfdd90a8-text002\">el<\/span> <span class=\"p1-c13bdfdd90a8-span p1-c13bdfdd90a8-text002\">Registro<\/span> <span class=\"p1-c13bdfdd90a8-span p1-c13bdfdd90a8-text002\">Mercantil<\/span> <span class=\"p1-c13bdfdd90a8-span p1-c13bdfdd90a8-text002\">de<\/span> <span class=\"p1-c13bdfdd90a8-span p1-c13bdfdd90a8-text002\">Madrid,<\/span> <span class=\"p1-c13bdfdd90a8-span p1-c13bdfdd90a8-text002\">tomo<\/span> <span class=\"p1-c13bdfdd90a8-span p1-c13bdfdd90a8-text002\">41037,<\/span> <span class=\"p1-c13bdfdd90a8-span p1-c13bdfdd90a8-text002\">folio<\/span> <span class=\"p1-c13bdfdd90a8-span p1-c13bdfdd90a8-text002\">213,<\/span> <span class=\"p1-c13bdfdd90a8-span p1-c13bdfdd90a8-text002\">inscripci\u00f3n<\/span> <span class=\"p1-c13bdfdd90a8-span p1-c13bdfdd90a8-text002\">23<\/span> <span class=\"p1-c13bdfdd90a8-span p1-c13bdfdd90a8-text002\">de<\/span> <span class=\"p1-c13bdfdd90a8-span p1-c13bdfdd90a8-text002\">la<\/span> <span class=\"p1-c13bdfdd90a8-span p1-c13bdfdd90a8-text002\">hoja<\/span> <span class=\"p1-c13bdfdd90a8-span p1-c13bdfdd90a8-text002\">M-<\/span><span class=\"p1-c13bdfdd90a8-span p1-c13bdfdd90a8-text002\">391781.<\/span><\/div><div>\u00a0<\/div><h3>2.- Objeto.<\/h3><p>El sitio web facilita a los usuarios de este, el acceso a informaci\u00f3n y servicios prestados por YIMBY \u2013 RIGEL 2005 S.A. a aquellas personas u organizaciones interesadas en los mismos.<\/p><h3>3.- Acceso y utilizaci\u00f3n de la Web.<\/h3><p>3.1.- Car\u00e1cter gratuito del acceso y utilizaci\u00f3n de la web. El acceso a la web tiene car\u00e1cter gratuito para los usuarios de esta.<\/p><p>3.2.- Registro de usuarios. Con car\u00e1cter general el acceso y utilizaci\u00f3n de la web no exige la previa suscripci\u00f3n o registro de los usuarios de esta.<\/p><h3>4.- Contenidos de la Web.<\/h3><p>El idioma utilizado por el titular en la web ser\u00e1 el castellano. RIGEL 2005 S.A. no se responsabiliza de la no comprensi\u00f3n o entendimiento del idioma de la web por el usuario, ni de sus consecuencias.<\/p><p>RIGEL 2005 S.A. podr\u00e1 modificar los contenidos sin previo aviso, as\u00ed como suprimir y cambiar \u00e9stos dentro de la web, como la forma en que se accede a \u00e9stos, sin justificaci\u00f3n alguna y libremente, no responsabiliz\u00e1ndose de las consecuencias que los mismos puedan ocasionar a los usuarios.<\/p><p>Se proh\u00edbe el uso de los contenidos de la web para promocionar, contratar o divulgar publicidad o informaci\u00f3n propia o de terceras personas sin la autorizaci\u00f3n de RIGEL 2005 S.A., ni remitir publicidad o informaci\u00f3n vali\u00e9ndose para ello de los servicios o informaci\u00f3n que se ponen a disposici\u00f3n de los usuarios, independientemente de si la utilizaci\u00f3n es gratuita o no.<\/p><p>Los enlaces o hiperenlaces que incorporen terceros en sus p\u00e1ginas web, dirigidos a esta web, ser\u00e1n para la apertura de la p\u00e1gina web completa, no pudiendo manifestar, directa o indirectamente, indicaciones falsas, inexactas o confusas, ni incurrir en acciones desleales o il\u00edcitas en contra de RIGEL 2005 S.A.<\/p><h3>5.- Limitaci\u00f3n de responsabilidad.<\/h3><p>Tanto el acceso a la web como el uso no consentido que pueda efectuarse de la informaci\u00f3n contenida en la misma es de la exclusiva responsabilidad de quien lo realiza. RIGEL 2005 S.A. no responder\u00e1 de ninguna consecuencia, da\u00f1o o perjuicio que pudieran derivarse de dicho acceso o uso. RIGEL 2005 S.A. no se hace responsable de los errores de seguridad, que se puedan producir ni de los da\u00f1os que puedan causarse al sistema inform\u00e1tico del usuario (hardware y software), o a los ficheros o documentos almacenados en el mismo, como consecuencia de:<\/p><p>la presencia de un virus en el ordenador del usuario que sea utilizado para la conexi\u00f3n a los servicios y contenidos de la web,<br \/>un mal funcionamiento del navegador,<br \/>y\/o del uso de versiones no actualizadas del mismo.<\/p><p>RIGEL 2005 S.A. no se hace responsable de la fiabilidad y rapidez de los hiperenlaces que se incorporen en la web para la apertura de otras. RIGEL 2005 S.A. no garantiza la utilidad de estos enlaces, ni se responsabiliza de los contenidos o servicios a los que pueda acceder el usuario por medio de estos enlaces, ni del buen funcionamiento de estas webs.<\/p><p>RIGEL 2005 S.A. no ser\u00e1 responsable de los virus o dem\u00e1s programas inform\u00e1ticos que deterioren o puedan deteriorar los sistemas o equipos inform\u00e1ticos de los usuarios al acceder a su web u otras webs a las que se haya accedido mediante enlaces de esta web.<\/p><h3>6.- Empleo de la tecnolog\u00eda \u201cCookie\u201d.<\/h3><p>La web emplea cookies como procedimiento de recogida de informaci\u00f3n cuando el usuario navega por ella siguiendo los requisitos y condiciones que pueden consultarse en nuestra <a href=\"https:\/\/yimbybilbao.com\/politica-de-cookies-ue\/\">Pol\u00edtica de Cookies<\/a>.<\/p><h3>7.- Propiedad intelectual e industrial.<\/h3><p>Son propiedad de RIGEL 2005 S.A., todos los derechos de propiedad industrial e intelectual de la web, as\u00ed como de los contenidos que alberga. Cualquier uso de la web o sus contenidos deber\u00e1 tener un car\u00e1cter exclusivamente particular. Ning\u00fan usuario podr\u00e1 llevar a cabo la copia, reproducci\u00f3n, distribuci\u00f3n, transformaci\u00f3n, comunicaci\u00f3n p\u00fablica o cualquier otra acci\u00f3n similar, de todo o parte de los contenidos de la web, sin la autorizaci\u00f3n previa y por escrito de RIGEL 2005 S.A.<\/p><h3>8.- Pol\u00edtica de Privacidad y Protecci\u00f3n de Datos.<\/h3><p>Toda la informaci\u00f3n relativa al tratamiento de los datos est\u00e1 disponible a trav\u00e9s del apartado de Pol\u00edtica de Privacidad<\/p><h3>9.- Legislaci\u00f3n aplicable y Jurisdicci\u00f3n competente.<\/h3><p>El presente Aviso Legal se interpretar\u00e1 y regir\u00e1 de conformidad con la legislaci\u00f3n espa\u00f1ola. RIGEL 2005 S.A. y los usuarios, con renuncia expresa a cualquier otro fuero que pudiera corresponderles, se someten al de los juzgados y tribunales del domicilio del usuario para cualquier controversia que pudiera derivarse del acceso o uso de la web. En el caso de que el usuario tenga su domicilio fuera de Espa\u00f1a, RIGEL 2005 S.A. y el usuario, se someten, con renuncia expresa a cualquier otro fuero, a los juzgados y tribunales del domicilio de RIGEL 2005 S.A.<\/p>\t\t\t\t\t\t<\/div>\n\t\t\t\t<\/div>\n\t\t\t\t\t<\/div>\n\t\t\t\t<\/div>\n\t\t\t\t<\/div>\n\t\t","protected":false},"excerpt":{"rendered":"","protected":false},"author":1,"featured_media":0,"parent":0,"menu_order":0,"comment_status":"closed","ping_status":"closed","template":"","meta":{"footnotes":""},"class_list":["post-2224","page","type-page","status-publish"],"yoast_head":"<!-- This site is optimized with the Yoast SEO plugin v26.5 - https:\/\/yoast.com\/wordpress\/plugins\/seo\/ -->\n<title>Legal advise<\/title>\n<meta name=\"description\" content=\"Legal advise\" \/>\n<meta name=\"robots\" content=\"index, follow, max-snippet:-1, max-image-preview:large, max-video-preview:-1\" \/>\n<link rel=\"canonical\" href=\"https:\/\/yimbyresidences.com\/genova5\/cookies\/\" \/>\n<meta property=\"og:locale\" content=\"en_US\" \/>\n<meta property=\"og:type\" content=\"article\" \/>\n<meta property=\"og:title\" content=\"Legal advise\" \/>\n<meta property=\"og:description\" content=\"Legal advise\" \/>\n<meta property=\"og:url\" content=\"https:\/\/yimbyresidences.com\/genova5\/cookies\/\" \/>\n<meta property=\"og:site_name\" content=\"Yimby residences\" \/>\n<meta name=\"twitter:card\" content=\"summary_large_image\" \/>\n<script type=\"application\/ld+json\" class=\"yoast-schema-graph\">{\"@context\":\"https:\/\/schema.org\",\"@graph\":[{\"@type\":\"WebPage\",\"@id\":\"https:\/\/yimbyresidences.com\/genova5\/cookies\/\",\"url\":\"https:\/\/yimbyresidences.com\/genova5\/cookies\/\",\"name\":\"Legal advise\",\"isPartOf\":{\"@id\":\"https:\/\/yimbyresidences.com\/genova5\/#website\"},\"datePublished\":\"2024-06-10T16:06:53+00:00\",\"description\":\"Legal advise\",\"breadcrumb\":{\"@id\":\"https:\/\/yimbyresidences.com\/genova5\/cookies\/#breadcrumb\"},\"inLanguage\":\"en-US\",\"potentialAction\":[{\"@type\":\"ReadAction\",\"target\":[\"https:\/\/yimbyresidences.com\/genova5\/cookies\/\"]}]},{\"@type\":\"BreadcrumbList\",\"@id\":\"https:\/\/yimbyresidences.com\/genova5\/cookies\/#breadcrumb\",\"itemListElement\":[{\"@type\":\"ListItem\",\"position\":1,\"name\":\"Portada\",\"item\":\"https:\/\/yimbyresidences.com\/genova5\/en\/\"},{\"@type\":\"ListItem\",\"position\":2,\"name\":\"Legal advise\"}]},{\"@type\":\"WebSite\",\"@id\":\"https:\/\/yimbyresidences.com\/genova5\/#website\",\"url\":\"https:\/\/yimbyresidences.com\/genova5\/\",\"name\":\"Yimby Residences\",\"description\":\"Edificio en Madrid\",\"publisher\":{\"@id\":\"https:\/\/yimbyresidences.com\/genova5\/#organization\"},\"potentialAction\":[{\"@type\":\"SearchAction\",\"target\":{\"@type\":\"EntryPoint\",\"urlTemplate\":\"https:\/\/yimbyresidences.com\/genova5\/?s={search_term_string}\"},\"query-input\":{\"@type\":\"PropertyValueSpecification\",\"valueRequired\":true,\"valueName\":\"search_term_string\"}}],\"inLanguage\":\"en-US\"},{\"@type\":\"Organization\",\"@id\":\"https:\/\/yimbyresidences.com\/genova5\/#organization\",\"name\":\"Yimby Residences\",\"url\":\"https:\/\/yimbyresidences.com\/genova5\/\",\"logo\":{\"@type\":\"ImageObject\",\"inLanguage\":\"en-US\",\"@id\":\"https:\/\/yimbyresidences.com\/genova5\/#\/schema\/logo\/image\/\",\"url\":\"https:\/\/yimbyresidences.com\/genova5\/wp-content\/uploads\/2024\/05\/logo-horizontal.png\",\"contentUrl\":\"https:\/\/yimbyresidences.com\/genova5\/wp-content\/uploads\/2024\/05\/logo-horizontal.png\",\"width\":413,\"height\":60,\"caption\":\"Yimby Residences\"},\"image\":{\"@id\":\"https:\/\/yimbyresidences.com\/genova5\/#\/schema\/logo\/image\/\"}}]}<\/script>\n<!-- \/ Yoast SEO plugin. -->","yoast_head_json":{"title":"Legal advise","description":"Legal advise","robots":{"index":"index","follow":"follow","max-snippet":"max-snippet:-1","max-image-preview":"max-image-preview:large","max-video-preview":"max-video-preview:-1"},"canonical":"https:\/\/yimbyresidences.com\/genova5\/cookies\/","og_locale":"en_US","og_type":"article","og_title":"Legal advise","og_description":"Legal advise","og_url":"https:\/\/yimbyresidences.com\/genova5\/cookies\/","og_site_name":"Yimby residences","twitter_card":"summary_large_image","schema":{"@context":"https:\/\/schema.org","@graph":[{"@type":"WebPage","@id":"https:\/\/yimbyresidences.com\/genova5\/cookies\/","url":"https:\/\/yimbyresidences.com\/genova5\/cookies\/","name":"Legal advise","isPartOf":{"@id":"https:\/\/yimbyresidences.com\/genova5\/#website"},"datePublished":"2024-06-10T16:06:53+00:00","description":"Legal advise","breadcrumb":{"@id":"https:\/\/yimbyresidences.com\/genova5\/cookies\/#breadcrumb"},"inLanguage":"en-US","potentialAction":[{"@type":"ReadAction","target":["https:\/\/yimbyresidences.com\/genova5\/cookies\/"]}]},{"@type":"BreadcrumbList","@id":"https:\/\/yimbyresidences.com\/genova5\/cookies\/#breadcrumb","itemListElement":[{"@type":"ListItem","position":1,"name":"Portada","item":"https:\/\/yimbyresidences.com\/genova5\/en\/"},{"@type":"ListItem","position":2,"name":"Legal advise"}]},{"@type":"WebSite","@id":"https:\/\/yimbyresidences.com\/genova5\/#website","url":"https:\/\/yimbyresidences.com\/genova5\/","name":"Yimby Residences","description":"Edificio en Madrid","publisher":{"@id":"https:\/\/yimbyresidences.com\/genova5\/#organization"},"potentialAction":[{"@type":"SearchAction","target":{"@type":"EntryPoint","urlTemplate":"https:\/\/yimbyresidences.com\/genova5\/?s={search_term_string}"},"query-input":{"@type":"PropertyValueSpecification","valueRequired":true,"valueName":"search_term_string"}}],"inLanguage":"en-US"},{"@type":"Organization","@id":"https:\/\/yimbyresidences.com\/genova5\/#organization","name":"Yimby Residences","url":"https:\/\/yimbyresidences.com\/genova5\/","logo":{"@type":"ImageObject","inLanguage":"en-US","@id":"https:\/\/yimbyresidences.com\/genova5\/#\/schema\/logo\/image\/","url":"https:\/\/yimbyresidences.com\/genova5\/wp-content\/uploads\/2024\/05\/logo-horizontal.png","contentUrl":"https:\/\/yimbyresidences.com\/genova5\/wp-content\/uploads\/2024\/05\/logo-horizontal.png","width":413,"height":60,"caption":"Yimby Residences"},"image":{"@id":"https:\/\/yimbyresidences.com\/genova5\/#\/schema\/logo\/image\/"}}]}},"_links":{"self":[{"href":"https:\/\/yimbyresidences.com\/genova5\/en\/wp-json\/wp\/v2\/pages\/2224","targetHints":{"allow":["GET"]}}],"collection":[{"href":"https:\/\/yimbyresidences.com\/genova5\/en\/wp-json\/wp\/v2\/pages"}],"about":[{"href":"https:\/\/yimbyresidences.com\/genova5\/en\/wp-json\/wp\/v2\/types\/page"}],"author":[{"embeddable":true,"href":"https:\/\/yimbyresidences.com\/genova5\/en\/wp-json\/wp\/v2\/users\/1"}],"replies":[{"embeddable":true,"href":"https:\/\/yimbyresidences.com\/genova5\/en\/wp-json\/wp\/v2\/comments?post=2224"}],"version-history":[{"count":1,"href":"https:\/\/yimbyresidences.com\/genova5\/en\/wp-json\/wp\/v2\/pages\/2224\/revisions"}],"predecessor-version":[{"id":2225,"href":"https:\/\/yimbyresidences.com\/genova5\/en\/wp-json\/wp\/v2\/pages\/2224\/revisions\/2225"}],"wp:attachment":[{"href":"https:\/\/yimbyresidences.com\/genova5\/en\/wp-json\/wp\/v2\/media?parent=2224"}],"curies":[{"name":"wp","href":"https:\/\/api.w.org\/{rel}","templated":true}]}}