{"id":1823,"date":"2024-05-03T09:09:39","date_gmt":"2024-05-03T09:09:39","guid":{"rendered":"https:\/\/yimbyresidences.com\/genova5\/?page_id=1823"},"modified":"2024-09-02T08:06:12","modified_gmt":"2024-09-02T08:06:12","slug":"privacy-policy","status":"publish","type":"page","link":"https:\/\/yimbyresidences.com\/genova5\/en\/privacy-policy\/","title":{"rendered":"Privacy policy"},"content":{"rendered":"\t\t<div data-elementor-type=\"wp-page\" data-elementor-id=\"1823\" class=\"elementor elementor-1823 elementor-289\" data-elementor-post-type=\"page\">\n\t\t\t\t<div class=\"elementor-element elementor-element-17eb6265 e-flex e-con-boxed e-con e-parent\" data-id=\"17eb6265\" data-element_type=\"container\">\n\t\t\t\t\t<div class=\"e-con-inner\">\n\t\t\t\t<div class=\"elementor-element elementor-element-f75b467 elementor-widget elementor-widget-text-editor\" data-id=\"f75b467\" data-element_type=\"widget\" data-widget_type=\"text-editor.default\">\n\t\t\t\t<div class=\"elementor-widget-container\">\n\t\t\t<style>\/*! elementor - v3.22.0 - 26-06-2024 *\/\n.elementor-widget-text-editor.elementor-drop-cap-view-stacked .elementor-drop-cap{background-color:#69727d;color:#fff}.elementor-widget-text-editor.elementor-drop-cap-view-framed .elementor-drop-cap{color:#69727d;border:3px solid;background-color:transparent}.elementor-widget-text-editor:not(.elementor-drop-cap-view-default) .elementor-drop-cap{margin-top:8px}.elementor-widget-text-editor:not(.elementor-drop-cap-view-default) .elementor-drop-cap-letter{width:1em;height:1em}.elementor-widget-text-editor .elementor-drop-cap{float:left;text-align:center;line-height:1;font-size:50px}.elementor-widget-text-editor .elementor-drop-cap-letter{display:inline-block}<\/style>\t\t\t\t<h1>Pol\u00edtica de privacidad<\/h1><p>Pol\u00edtica de privacidad<br \/>Los datos personales vinculados a esta p\u00e1gina web respetan las exigencias del Reglamento (UE) 2016\/679 del Parlamento Europeo y del Consejo de 27 de abril de 2016 relativo a la protecci\u00f3n de las personas f\u00edsicas en lo que respecta al tratamiento de datos personales y a la libre circulaci\u00f3n de estos datos, la Ley Org\u00e1nica 3\/2018, de 5 de diciembre, de Protecci\u00f3n de Datos Personales y garant\u00eda de los derechos digitales y dem\u00e1s legislaci\u00f3n vigente en materia de protecci\u00f3n de datos.<\/p><p><strong>\u00bfQui\u00e9n es el responsable del tratamiento de sus datos?<\/strong><br \/>El responsable del tratamiento de sus datos es KAYENTA PROYECTOS &amp; DESARROLLOS, S.A., con NIF A84519545, domicilio en Calle G\u00e9nova, 5, 28004, Madrid (Madrid) Espa\u00f1a, tel\u00e9fono 949261207 y correo electr\u00f3nico de contacto grupo@graneuropa.com.<\/p><p><strong>\u00bfCu\u00e1l es la finalidad y la base de legitimaci\u00f3n con la que tratamos sus datos y durante cu\u00e1nto tiempo los conservamos?<\/strong><br \/>Tratamos sus datos para gestionar sus solicitudes de informaci\u00f3n, dudas, consultas, sugerencias o quejas. Podemos tratar sus datos con esta finalidad porque tenemos un inter\u00e9s leg\u00edtimo en atender a las comunicaciones necesarias para poder llevar a cabo nuestra actividad y los conservaremos mientras subsista.<\/p><p><strong>\u00bfA qui\u00e9nes se comunicar\u00e1n sus datos?<\/strong><br \/>No se van a ceder sus datos a terceros, se comunicar\u00e1n a nuestros encargados de tratamiento cuando sea necesario para la correcta prestaci\u00f3n de los servicios contratados a los mismos.<\/p><p><strong>\u00bfSe realizar\u00e1n transferencia de sus datos a terceros pa\u00edses?<\/strong><br \/>No se van a realizar Transferencias Internacionales de datos.<\/p><p><strong>\u00bfCu\u00e1les son sus derechos cuando nos facilita sus datos?<\/strong><\/p><p>&#8211; Acceso: derecho a obtener confirmaci\u00f3n sobre si estamos tratando datos personales suyos o no, a saber, cu\u00e1les son, para que se usan, cuanto tiempo se van a guardar, el origen de los mismos y si se han comunicado o se van a comunicar a un tercero.<\/p><p>&#8211; Rectificaci\u00f3n: derecho a solicitar la rectificaci\u00f3n de los datos inexactos y a que se completen los datos personales incompletos.<\/p><p>&#8211; Supresi\u00f3n: derecho a solicitar la supresi\u00f3n de los datos de car\u00e1cter personal cuando sean inadecuados, excesivos o ya no sean necesarios para los fines para los que fueron recogidos, incluido el derecho al olvido.<\/p><p>&#8211; Oposici\u00f3n: derecho a oponerse, en determinadas circunstancias, a que se realice el tratamiento de sus datos personales o a solicitar que se cese en el tratamiento.<\/p><p>&#8211; Limitaci\u00f3n del Tratamiento: derecho a solicitar, en las circunstancias establecidas legalmente, que no se traten sus datos m\u00e1s all\u00e1 de la mera conservaci\u00f3n de los mismos.<\/p><p>&#8211; Portabilidad: derecho a recibir los datos de car\u00e1cter personal en un formato estructurado, de uso com\u00fan y lectura mec\u00e1nica, y poder transmitirlos a otro responsable, siempre que sea t\u00e9cnicamente posible.<\/p><p><strong>\u00bfD\u00f3nde podr\u00e1 ejercitar sus derechos?<\/strong><br \/>El ejercicio de derechos deber\u00e1 efectuarse por escrito, dirigi\u00e9ndose a Calle G\u00e9nova, 5, 28004, Madrid (Madrid) Espa\u00f1a o al correo electr\u00f3nico grupo@graneuropa.com. KAYENTA PROYECTOS &amp; DESARROLLOS, S.A. pone a su disposici\u00f3n modelos para la realizaci\u00f3n del ejercicio de derechos que pueden obtenerse en la direcci\u00f3n o a trav\u00e9s del correo electr\u00f3nico indicado anteriormente. Para m\u00e1s informaci\u00f3n: www.aepd.es.<\/p><p><strong>\u00bfTiene derecho a presentar una reclamaci\u00f3n ante la Autoridad de Control?<\/strong><br \/>En caso de que no se hayan respetado sus derechos puede presentar una reclamaci\u00f3n dirigi\u00e9ndose por escrito a la Agencia Espa\u00f1ola de Protecci\u00f3n de Datos sita en la calle Jorge Juan, 6-28001-Madrid o utilizando la sede electr\u00f3nica: https:\/\/sedeagpd.gob. En ambos casos, deber\u00e1 acompa\u00f1ar la documentaci\u00f3n pertinente.<\/p>\t\t\t\t\t\t<\/div>\n\t\t\t\t<\/div>\n\t\t\t\t\t<\/div>\n\t\t\t\t<\/div>\n\t\t\t\t<\/div>\n\t\t","protected":false},"excerpt":{"rendered":"","protected":false},"author":1,"featured_media":0,"parent":0,"menu_order":0,"comment_status":"closed","ping_status":"closed","template":"","meta":{"footnotes":""},"class_list":["post-1823","page","type-page","status-publish"],"yoast_head":"<!-- This site is optimized with the Yoast SEO plugin v26.5 - https:\/\/yoast.com\/wordpress\/plugins\/seo\/ -->\n<title>Privacy policy<\/title>\n<meta name=\"description\" content=\"Privacy policy\" \/>\n<meta name=\"robots\" content=\"noindex, follow\" \/>\n<meta property=\"og:locale\" content=\"en_US\" \/>\n<meta property=\"og:type\" content=\"article\" \/>\n<meta property=\"og:title\" content=\"Privacy policy\" \/>\n<meta property=\"og:description\" content=\"Privacy policy\" \/>\n<meta property=\"og:url\" content=\"https:\/\/yimbyresidences.com\/genova5\/en\/privacy-policy\/\" \/>\n<meta property=\"og:site_name\" content=\"Yimby residences\" \/>\n<meta property=\"article:modified_time\" content=\"2024-09-02T08:06:12+00:00\" \/>\n<meta name=\"twitter:card\" content=\"summary_large_image\" \/>\n<script type=\"application\/ld+json\" class=\"yoast-schema-graph\">{\"@context\":\"https:\/\/schema.org\",\"@graph\":[{\"@type\":\"WebPage\",\"@id\":\"https:\/\/yimbyresidences.com\/genova5\/en\/privacy-policy\/\",\"url\":\"https:\/\/yimbyresidences.com\/genova5\/en\/privacy-policy\/\",\"name\":\"Privacy policy\",\"isPartOf\":{\"@id\":\"https:\/\/yimbyresidences.com\/genova5\/#website\"},\"datePublished\":\"2024-05-03T09:09:39+00:00\",\"dateModified\":\"2024-09-02T08:06:12+00:00\",\"description\":\"Privacy policy\",\"breadcrumb\":{\"@id\":\"https:\/\/yimbyresidences.com\/genova5\/en\/privacy-policy\/#breadcrumb\"},\"inLanguage\":\"en-US\",\"potentialAction\":[{\"@type\":\"ReadAction\",\"target\":[\"https:\/\/yimbyresidences.com\/genova5\/en\/privacy-policy\/\"]}]},{\"@type\":\"BreadcrumbList\",\"@id\":\"https:\/\/yimbyresidences.com\/genova5\/en\/privacy-policy\/#breadcrumb\",\"itemListElement\":[{\"@type\":\"ListItem\",\"position\":1,\"name\":\"Portada\",\"item\":\"https:\/\/yimbyresidences.com\/genova5\/en\/\"},{\"@type\":\"ListItem\",\"position\":2,\"name\":\"Privacy policy\"}]},{\"@type\":\"WebSite\",\"@id\":\"https:\/\/yimbyresidences.com\/genova5\/#website\",\"url\":\"https:\/\/yimbyresidences.com\/genova5\/\",\"name\":\"Yimby Residences\",\"description\":\"Edificio en Madrid\",\"publisher\":{\"@id\":\"https:\/\/yimbyresidences.com\/genova5\/#organization\"},\"potentialAction\":[{\"@type\":\"SearchAction\",\"target\":{\"@type\":\"EntryPoint\",\"urlTemplate\":\"https:\/\/yimbyresidences.com\/genova5\/?s={search_term_string}\"},\"query-input\":{\"@type\":\"PropertyValueSpecification\",\"valueRequired\":true,\"valueName\":\"search_term_string\"}}],\"inLanguage\":\"en-US\"},{\"@type\":\"Organization\",\"@id\":\"https:\/\/yimbyresidences.com\/genova5\/#organization\",\"name\":\"Yimby Residences\",\"url\":\"https:\/\/yimbyresidences.com\/genova5\/\",\"logo\":{\"@type\":\"ImageObject\",\"inLanguage\":\"en-US\",\"@id\":\"https:\/\/yimbyresidences.com\/genova5\/#\/schema\/logo\/image\/\",\"url\":\"https:\/\/yimbyresidences.com\/genova5\/wp-content\/uploads\/2024\/05\/logo-horizontal.png\",\"contentUrl\":\"https:\/\/yimbyresidences.com\/genova5\/wp-content\/uploads\/2024\/05\/logo-horizontal.png\",\"width\":413,\"height\":60,\"caption\":\"Yimby Residences\"},\"image\":{\"@id\":\"https:\/\/yimbyresidences.com\/genova5\/#\/schema\/logo\/image\/\"}}]}<\/script>\n<!-- \/ Yoast SEO plugin. -->","yoast_head_json":{"title":"Privacy policy","description":"Privacy policy","robots":{"index":"noindex","follow":"follow"},"og_locale":"en_US","og_type":"article","og_title":"Privacy policy","og_description":"Privacy policy","og_url":"https:\/\/yimbyresidences.com\/genova5\/en\/privacy-policy\/","og_site_name":"Yimby residences","article_modified_time":"2024-09-02T08:06:12+00:00","twitter_card":"summary_large_image","schema":{"@context":"https:\/\/schema.org","@graph":[{"@type":"WebPage","@id":"https:\/\/yimbyresidences.com\/genova5\/en\/privacy-policy\/","url":"https:\/\/yimbyresidences.com\/genova5\/en\/privacy-policy\/","name":"Privacy policy","isPartOf":{"@id":"https:\/\/yimbyresidences.com\/genova5\/#website"},"datePublished":"2024-05-03T09:09:39+00:00","dateModified":"2024-09-02T08:06:12+00:00","description":"Privacy policy","breadcrumb":{"@id":"https:\/\/yimbyresidences.com\/genova5\/en\/privacy-policy\/#breadcrumb"},"inLanguage":"en-US","potentialAction":[{"@type":"ReadAction","target":["https:\/\/yimbyresidences.com\/genova5\/en\/privacy-policy\/"]}]},{"@type":"BreadcrumbList","@id":"https:\/\/yimbyresidences.com\/genova5\/en\/privacy-policy\/#breadcrumb","itemListElement":[{"@type":"ListItem","position":1,"name":"Portada","item":"https:\/\/yimbyresidences.com\/genova5\/en\/"},{"@type":"ListItem","position":2,"name":"Privacy policy"}]},{"@type":"WebSite","@id":"https:\/\/yimbyresidences.com\/genova5\/#website","url":"https:\/\/yimbyresidences.com\/genova5\/","name":"Yimby Residences","description":"Edificio en Madrid","publisher":{"@id":"https:\/\/yimbyresidences.com\/genova5\/#organization"},"potentialAction":[{"@type":"SearchAction","target":{"@type":"EntryPoint","urlTemplate":"https:\/\/yimbyresidences.com\/genova5\/?s={search_term_string}"},"query-input":{"@type":"PropertyValueSpecification","valueRequired":true,"valueName":"search_term_string"}}],"inLanguage":"en-US"},{"@type":"Organization","@id":"https:\/\/yimbyresidences.com\/genova5\/#organization","name":"Yimby Residences","url":"https:\/\/yimbyresidences.com\/genova5\/","logo":{"@type":"ImageObject","inLanguage":"en-US","@id":"https:\/\/yimbyresidences.com\/genova5\/#\/schema\/logo\/image\/","url":"https:\/\/yimbyresidences.com\/genova5\/wp-content\/uploads\/2024\/05\/logo-horizontal.png","contentUrl":"https:\/\/yimbyresidences.com\/genova5\/wp-content\/uploads\/2024\/05\/logo-horizontal.png","width":413,"height":60,"caption":"Yimby Residences"},"image":{"@id":"https:\/\/yimbyresidences.com\/genova5\/#\/schema\/logo\/image\/"}}]}},"_links":{"self":[{"href":"https:\/\/yimbyresidences.com\/genova5\/en\/wp-json\/wp\/v2\/pages\/1823","targetHints":{"allow":["GET"]}}],"collection":[{"href":"https:\/\/yimbyresidences.com\/genova5\/en\/wp-json\/wp\/v2\/pages"}],"about":[{"href":"https:\/\/yimbyresidences.com\/genova5\/en\/wp-json\/wp\/v2\/types\/page"}],"author":[{"embeddable":true,"href":"https:\/\/yimbyresidences.com\/genova5\/en\/wp-json\/wp\/v2\/users\/1"}],"replies":[{"embeddable":true,"href":"https:\/\/yimbyresidences.com\/genova5\/en\/wp-json\/wp\/v2\/comments?post=1823"}],"version-history":[{"count":1,"href":"https:\/\/yimbyresidences.com\/genova5\/en\/wp-json\/wp\/v2\/pages\/1823\/revisions"}],"predecessor-version":[{"id":1824,"href":"https:\/\/yimbyresidences.com\/genova5\/en\/wp-json\/wp\/v2\/pages\/1823\/revisions\/1824"}],"wp:attachment":[{"href":"https:\/\/yimbyresidences.com\/genova5\/en\/wp-json\/wp\/v2\/media?parent=1823"}],"curies":[{"name":"wp","href":"https:\/\/api.w.org\/{rel}","templated":true}]}}